{"id":317,"date":"2023-11-12T10:57:43","date_gmt":"2023-11-12T09:57:43","guid":{"rendered":"https:\/\/www.warondrugs.at\/?page_id=317"},"modified":"2024-05-15T15:38:50","modified_gmt":"2024-05-15T13:38:50","slug":"team-kartell-in-arbeit","status":"publish","type":"page","link":"https:\/\/www.warondrugs.at\/?page_id=317","title":{"rendered":"Team &#8211; Kartell"},"content":{"rendered":"\n<div class=\"wp-block-media-text is-stacked-on-mobile\" style=\"grid-template-columns:32% auto\"><figure class=\"wp-block-media-text__media\"><img loading=\"lazy\" decoding=\"async\" width=\"651\" height=\"919\" src=\"https:\/\/www.warondrugs.at\/wp-content\/uploads\/2024\/02\/4baf49d2-74df-45cd-9bbe-8197fd2011df-e1707315540528.jpg\" alt=\"\" class=\"wp-image-617 size-full\" srcset=\"https:\/\/www.warondrugs.at\/wp-content\/uploads\/2024\/02\/4baf49d2-74df-45cd-9bbe-8197fd2011df-e1707315540528.jpg 651w, https:\/\/www.warondrugs.at\/wp-content\/uploads\/2024\/02\/4baf49d2-74df-45cd-9bbe-8197fd2011df-e1707315540528-213x300.jpg 213w\" sizes=\"auto, (max-width: 651px) 100vw, 651px\" \/><\/figure><div class=\"wp-block-media-text__content\">\n<h4 class=\"wp-block-heading has-vivid-red-color has-text-color\">Beschreibung<\/h4>\n\n\n\n<p>In den d\u00fcsteren Gassen der Unterwelt erhebt sich eine m\u00e4chtige Schattenorganisation, die als &#8222;Das Kartell&#8220; bekannt ist. Diese gef\u00fcrchtete Fraktion hat ihre Wurzeln tief in den Abgr\u00fcnden des illegalen Drogenhandels geschlagen und agiert mit eiskalter Pr\u00e4zision, um ihre Machtposition zu festigen. Der Werdegang von &#8222;El Patr\u00f3n del Cuchar\u00f3n&#8220;, dem aktuellen Anf\u00fchrer von &#8222;Das Kartell&#8220;, ist gepr\u00e4gt von Trag\u00f6dien und einem unerbittlichen Streben nach Macht.<\/p>\n\n\n\n<p>Ihren Anfang nahm die Geschichte dieses skrupellosen Anf\u00fchrers in den Schatten des Todes von Pablo Escobillo, dem einstigen Kopf von &#8222;Das Kartell&#8220;. Nach Escobillos tragischem Ableben \u00fcbernahm &#8222;El Patr\u00f3n del Cuchar\u00f3n&#8220; das Ruder &#8211; sein Aufstieg begleitet von einer Aura der Furcht und Respektlosigkeit. Die Hintergr\u00fcnde seines Vorg\u00e4ngers&#8216; gewaltsamen Todes wurden zu einem d\u00fcsteren Kapitel in der Chronik der Fraktion.<\/p>\n\n\n\n<p><\/p>\n<\/div><\/div>\n\n\n\n<p><\/p>\n\n\n\n<div class=\"wp-block-media-text has-media-on-the-right is-stacked-on-mobile\" style=\"grid-template-columns:auto 32%\"><div class=\"wp-block-media-text__content\">\n<p>Ein weiteres R\u00e4tsel, das die Unterwelt umgibt, ist der mysteri\u00f6se Verschwinden von Don Julio, dem einstigen Waffenlieferanten des Kartells und Jugendfreund von Pablo Escobillo. Seit dessen Tod ist Don Julio wie vom Erdboden verschlungen, und sein Verbleib bleibt im Dunkeln. Diese Abwesenheit hat eine L\u00fccke in den Strukturen des Kartells hinterlassen, und Ger\u00fcchte \u00fcber eine m\u00f6gliche R\u00fcckkehr von Don Julio kursieren in den Schatten der Stadt.<\/p>\n\n\n\n<p>Entschlossen, das Erbe seines gefallenen Vorg\u00e4ngers fortzusetzen, f\u00fchrte &#8222;El Patr\u00f3n del Cuchar\u00f3n&#8220; die Organisation mit eiserner Faust und strategischem Geschick. Trotzdem schwebt die Frage nach Don Julios R\u00fcckkehr wie ein Schatten \u00fcber der Zukunft von &#8222;Das Kartell&#8220;. <\/p>\n<\/div><figure class=\"wp-block-media-text__media\"><img loading=\"lazy\" decoding=\"async\" width=\"768\" height=\"916\" src=\"https:\/\/www.warondrugs.at\/wp-content\/uploads\/2024\/05\/cfc939bc-6673-469a-93aa-8d38ebe00d49-e1715779842450.jpg\" alt=\"\" class=\"wp-image-773 size-full\" srcset=\"https:\/\/www.warondrugs.at\/wp-content\/uploads\/2024\/05\/cfc939bc-6673-469a-93aa-8d38ebe00d49-e1715779842450.jpg 768w, https:\/\/www.warondrugs.at\/wp-content\/uploads\/2024\/05\/cfc939bc-6673-469a-93aa-8d38ebe00d49-e1715779842450-252x300.jpg 252w\" sizes=\"auto, (max-width: 768px) 100vw, 768px\" \/><\/figure><\/div>\n\n\n\n<p><\/p>\n\n\n\n<div class=\"wp-block-media-text is-stacked-on-mobile\" style=\"grid-template-columns:32% auto\"><figure class=\"wp-block-media-text__media\"><img loading=\"lazy\" decoding=\"async\" width=\"768\" height=\"919\" src=\"https:\/\/www.warondrugs.at\/wp-content\/uploads\/2024\/05\/723067ad-fa38-406d-9eb1-8d181a45d574-e1715780315880.jpg\" alt=\"\" class=\"wp-image-782 size-full\" srcset=\"https:\/\/www.warondrugs.at\/wp-content\/uploads\/2024\/05\/723067ad-fa38-406d-9eb1-8d181a45d574-e1715780315880.jpg 768w, https:\/\/www.warondrugs.at\/wp-content\/uploads\/2024\/05\/723067ad-fa38-406d-9eb1-8d181a45d574-e1715780315880-251x300.jpg 251w\" sizes=\"auto, (max-width: 768px) 100vw, 768px\" \/><\/figure><div class=\"wp-block-media-text__content\">\n<p>Mit einem Netzwerk aus loyalen Handlangern, gut geschulten S\u00f6ldnern und undurchsichtigen Gesch\u00e4ftspartnern hat &#8222;El Patr\u00f3n del Cuchar\u00f3n&#8220; &#8222;Das Kartell&#8220; zu neuen H\u00f6hen gef\u00fchrt. Sein unersch\u00fctterlicher Ehrgeiz und seine r\u00fccksichtslose Entschlossenheit machen ihn zu einem Anf\u00fchrer, dem man mit Vorsicht begegnen sollte.<\/p>\n\n\n\n<p>W\u00e4hrend &#8222;Das Kartell&#8220; im &#8222;War on Drugs v2.0&#8220; seine Macht verteidigt, bleibt die Welt gespannt, wie sich der Werdegang von &#8222;El Patr\u00f3n del Cuchar\u00f3n&#8220; und das m\u00f6gliche Auftauchen von Don Julio weiter entfalten werden.<\/p>\n<\/div><\/div>\n\n\n\n<p><\/p>\n\n\n\n<h4 class=\"wp-block-heading has-vivid-red-color has-text-color\">Bekleidungsvorschrift<\/h4>\n\n\n\n<p>Hier gilt: Gucci statt UfPro! Das Kartell hat in lockerem Gewand zu erscheinen. Einfach Kartell Sicario <a href=\"https:\/\/www.google.com\/search?q=Kartell+Sicario&amp;tbm=isch&amp;ved=2ahUKEwiCzers4o-GAxU-ZaQEHXwVA_4Q2-cCegQIABAA&amp;oq=Kartell+Sicario&amp;gs_lp=EgNpbWciD0thcnRlbGwgU2ljYXJpbzIEECMYJzIGEAAYCBgeSIYKUOwGWKoIcAB4AJABAJgBogGgAZ0DqgEDMC4zuAEDyAEA-AEBigILZ3dzLXdpei1pbWeIBgE&amp;sclient=img&amp;ei=5rlEZoLCE77KkdUP_KqM8A8&amp;bih=559&amp;biw=1280&amp;prmd=ivnbz\" target=\"_blank\" rel=\"noopener\">googlen<\/a> und daran anpassen. Hemden, gem\u00fctliche Hosen, Bandanas, Caps, alles im Latinostil ist erlaubt. Keine Tarnanz\u00fcge sowie Helme und milit\u00e4rische Baretts!<\/p>\n\n\n\n<p>Guards und Sicarios d\u00fcrfen bei Aufnahme ihrer Waffen aus der Waffenkammer auch Chest Rigs oder minimalistischer Plate Carrier anziehen.<\/p>\n\n\n\n<figure class=\"wp-block-table\"><table class=\"has-fixed-layout\"><thead><tr><th>Headwear<\/th><th>Torso<\/th><th>Legs<\/th><\/tr><\/thead><tbody><tr><td>schwarze Bandanas mit Totenkopf-Motiven,<br>Basebal-Caps<br>Tragen von Helmen ist untersagt!<\/td><td>wei\u00dfe T-Shirts, Hemden mit obersten geschlossenem Knopf,<br>Chest-Rigs oder simple Plattentr\u00e4ger<\/td><td>Weite Hosen ohne Tarnmustern, die von anderen Fraktionen verwendet werden<\/td><\/tr><\/tbody><\/table><\/figure>\n\n\n\n<p>Bitte seht davon ab Uniformen oder Tarnmuster anderer Fraktionen zu tragen. <\/p>\n\n\n\n<h4 class=\"wp-block-heading has-vivid-red-color has-text-color\">Ausr\u00fcstung<\/h4>\n\n\n\n<p>Das Kartell wird vermehrt auf Pistolen und verdeckt tragbare Waffen setzen.<\/p>\n\n\n\n<p>Alles, was man auf dem Schwarzmarkt bekommen kann, von Barrett bis M249, ist in der Waffenkammer gehortet. Pistolen sind stets am K\u00f6rper zu tragen, Guards oder Sicarios im Einsatz tragen Sturmgewehre und MPs. Eine einfache Optik und Griff sind das Maximum.&nbsp; Es sind keine &#8222;tacticoolen&#8220; Attachments wie Lampen, Laser oder fortschrittliche Optiken (LPVO) auf den Langwaffen und MPs gestattet. Pistolen bilden hier eine Ausnahme, da sie das Hauptwerkzeug eines Kartell Mitglieds darstellen.<\/p>\n","protected":false},"excerpt":{"rendered":"<p>Beschreibung In den d\u00fcsteren Gassen der Unterwelt erhebt sich eine m\u00e4chtige Schattenorganisation, die als &#8222;Das Kartell&#8220; bekannt ist. Diese gef\u00fcrchtete Fraktion hat ihre Wurzeln tief in den Abgr\u00fcnden des illegalen [&hellip;]<\/p>\n","protected":false},"author":1,"featured_media":0,"parent":0,"menu_order":0,"comment_status":"closed","ping_status":"closed","template":"","meta":{"footnotes":""},"class_list":["post-317","page","type-page","status-publish","hentry"],"_links":{"self":[{"href":"https:\/\/www.warondrugs.at\/index.php?rest_route=\/wp\/v2\/pages\/317","targetHints":{"allow":["GET"]}}],"collection":[{"href":"https:\/\/www.warondrugs.at\/index.php?rest_route=\/wp\/v2\/pages"}],"about":[{"href":"https:\/\/www.warondrugs.at\/index.php?rest_route=\/wp\/v2\/types\/page"}],"author":[{"embeddable":true,"href":"https:\/\/www.warondrugs.at\/index.php?rest_route=\/wp\/v2\/users\/1"}],"replies":[{"embeddable":true,"href":"https:\/\/www.warondrugs.at\/index.php?rest_route=%2Fwp%2Fv2%2Fcomments&post=317"}],"version-history":[{"count":31,"href":"https:\/\/www.warondrugs.at\/index.php?rest_route=\/wp\/v2\/pages\/317\/revisions"}],"predecessor-version":[{"id":783,"href":"https:\/\/www.warondrugs.at\/index.php?rest_route=\/wp\/v2\/pages\/317\/revisions\/783"}],"wp:attachment":[{"href":"https:\/\/www.warondrugs.at\/index.php?rest_route=%2Fwp%2Fv2%2Fmedia&parent=317"}],"curies":[{"name":"wp","href":"https:\/\/api.w.org\/{rel}","templated":true}]}}