{"id":51,"date":"2023-10-26T15:19:11","date_gmt":"2023-10-26T13:19:11","guid":{"rendered":"http:\/\/warondrugs.bplaced.net\/?page_id=51"},"modified":"2024-07-15T13:23:07","modified_gmt":"2024-07-15T11:23:07","slug":"team-yakuza","status":"publish","type":"page","link":"https:\/\/www.warondrugs.at\/?page_id=51","title":{"rendered":"Team &#8211; Yakuza"},"content":{"rendered":"\n<div class=\"wp-block-media-text is-stacked-on-mobile\" style=\"grid-template-columns:27% auto\"><figure class=\"wp-block-media-text__media\"><img loading=\"lazy\" decoding=\"async\" width=\"768\" height=\"923\" src=\"https:\/\/www.warondrugs.at\/wp-content\/uploads\/2024\/02\/db64344a-7082-41fa-a438-2bdef927f0c5-e1707315743515.jpg\" alt=\"\" class=\"wp-image-623 size-full\" srcset=\"https:\/\/www.warondrugs.at\/wp-content\/uploads\/2024\/02\/db64344a-7082-41fa-a438-2bdef927f0c5-e1707315743515.jpg 768w, https:\/\/www.warondrugs.at\/wp-content\/uploads\/2024\/02\/db64344a-7082-41fa-a438-2bdef927f0c5-e1707315743515-250x300.jpg 250w\" sizes=\"auto, (max-width: 768px) 100vw, 768px\" \/><\/figure><div class=\"wp-block-media-text__content\">\n<h4 class=\"wp-block-heading has-vivid-red-color has-text-color has-link-color wp-elements-b151811c99bdad77f6d0cd271c9f1540\">Beschreibung<\/h4>\n\n\n\n<p>In den schattigen Stra\u00dfen der Gro\u00dfstadt erhebt sich die &#8222;Yakuza&#8220; mit ihrer unverkennbaren Aura der Geheimnisse und strengen Hierarchie. An der Spitze dieser m\u00e4chtigen Fraktion steht der charismatische Anf\u00fchrer Kikai No Kami, der die Geschicke der Yakuza lenkt und ihre Macht \u00fcber die Unterwelt festigt.<\/p>\n<\/div><\/div>\n\n\n\n<p><\/p>\n\n\n\n<div class=\"wp-block-media-text has-media-on-the-right is-stacked-on-mobile\" style=\"grid-template-columns:auto 27%\"><div class=\"wp-block-media-text__content\">\n<p>Kikai, mit einem Ruf f\u00fcr unbarmherzige Entschlossenheit und taktische Brillanz, formt eine F\u00fchrungsdynamik, die die &#8222;Yakuza&#8220; zu einer respektierten und gef\u00fcrchteten Gr\u00f6\u00dfe macht. Seine tief verwurzelten Verbindungen zu traditionellen Werten und modernen Gesch\u00e4ftspraktiken verleihen der Fraktion eine einzigartige Identit\u00e4t.<\/p>\n<\/div><figure class=\"wp-block-media-text__media\"><img loading=\"lazy\" decoding=\"async\" width=\"727\" height=\"919\" src=\"https:\/\/www.warondrugs.at\/wp-content\/uploads\/2024\/02\/0bbce780-a141-4683-ad90-e174d46d7464-e1707315971538.jpg\" alt=\"\" class=\"wp-image-607 size-full\" srcset=\"https:\/\/www.warondrugs.at\/wp-content\/uploads\/2024\/02\/0bbce780-a141-4683-ad90-e174d46d7464-e1707315971538.jpg 727w, https:\/\/www.warondrugs.at\/wp-content\/uploads\/2024\/02\/0bbce780-a141-4683-ad90-e174d46d7464-e1707315971538-237x300.jpg 237w\" sizes=\"auto, (max-width: 727px) 100vw, 727px\" \/><\/figure><\/div>\n\n\n\n<p><\/p>\n\n\n\n<p>Die Mitglieder der Yakuza, streng diszipliniert und auf absolute Loyalit\u00e4t bedacht, agieren wie eine Familie und folgen den Befehlen ihrer Anf\u00fchrer ohne zu z\u00f6gern. Ihr Einfluss reicht von illegalen Gl\u00fccksspielh\u00f6hlen bis hin zu Schutzgelderpressungen, wobei die Yakuza ihre Kontrolle \u00fcber die Schattenwelt beharrlich ausbaut.<\/p>\n\n\n\n<p>Kikai setzt nicht nur auf traditionelle Methoden, sondern integriert auch moderne Technologien und taktische Raffinesse, um seine Ziele zu erreichen. Diese Verbindung von Tradition und Innovation macht die &#8222;Yakuza&#8220; zu einer vielschichtigen und faszinierenden Fraktion im &#8222;War on Drugs v2.0&#8220;.<\/p>\n\n\n\n<p>W\u00e4hrend der Spannungen in diesem gef\u00e4hrlichen Untergrundkrieg eskalieren, bleibt die Welt gespannt darauf, wie Kikai No Kami die Geschicke der Yakuza lenkt und welche unerwarteten Wendungen diese einflussreiche Fraktion im Laufe des Kampfes nehmen wird.<\/p>\n\n\n\n<h4 class=\"wp-block-heading has-vivid-red-color has-text-color\">Kleidungsvorschriften<\/h4>\n\n\n\n<figure class=\"wp-block-table\"><table class=\"has-fixed-layout\"><thead><tr><th>Kopfbedeckung<\/th><th>Oberk\u00f6rper<\/th><th>Beine<\/th><\/tr><\/thead><tbody><tr><td>H\u00fcte, Golferm\u00fctzen<br>Keine Helme oder Boonies<br>Keine Tarnmuster<\/td><td>Hemd ohne Muster, Sacko, Polo-Shirt<br>Plattentr\u00e4ger ohne viel Schnickschnack<br>Keine Tarnmuster<\/td><td>Jeanshose<br>Anzugshose<br>Elegante Hose<br>Keine Tarnmuster<\/td><\/tr><\/tbody><\/table><\/figure>\n\n\n\n<p><\/p>\n\n\n\n<h4 class=\"wp-block-heading has-vivid-red-color has-text-color\">Ausr\u00fcstung<\/h4>\n\n\n\n<p>Die Yakuza setzt auf Handfeuerwaffen und alles, was der Schwarzmarkt so zu bieten hat. Schrotflinten sind ausdr\u00fccklich erw\u00fcnscht, sowie traditionelle Nahkampfwaffen (Katana-, Messer-Replika, usw.)<\/p>\n\n\n\n<p class=\"has-background\" style=\"background:linear-gradient(315deg,rgb(255,0,0) 0%,rgba(255,0,0,0.52) 50%,rgb(255,0,0) 100%)\"><u><strong>Achtung<\/strong><\/u><strong><u>:<\/u><\/strong> Nahkampfwaffen m\u00fcssen \u00fcber flexible Klingen aus Polykarbonat, Schaumstoff o\u00c4. bestehen und werden von der Orga vor Spielantritt kontrolliert. Scharfe Messer oder Replikas mit gesch\u00e4rfter Spitze o\u00c4. werden nicht zugelassen!<\/p>\n","protected":false},"excerpt":{"rendered":"<p>Beschreibung In den schattigen Stra\u00dfen der Gro\u00dfstadt erhebt sich die &#8222;Yakuza&#8220; mit ihrer unverkennbaren Aura der Geheimnisse und strengen Hierarchie. An der Spitze dieser m\u00e4chtigen Fraktion steht der charismatische Anf\u00fchrer [&hellip;]<\/p>\n","protected":false},"author":1,"featured_media":0,"parent":0,"menu_order":0,"comment_status":"closed","ping_status":"closed","template":"","meta":{"footnotes":""},"class_list":["post-51","page","type-page","status-publish","hentry"],"_links":{"self":[{"href":"https:\/\/www.warondrugs.at\/index.php?rest_route=\/wp\/v2\/pages\/51","targetHints":{"allow":["GET"]}}],"collection":[{"href":"https:\/\/www.warondrugs.at\/index.php?rest_route=\/wp\/v2\/pages"}],"about":[{"href":"https:\/\/www.warondrugs.at\/index.php?rest_route=\/wp\/v2\/types\/page"}],"author":[{"embeddable":true,"href":"https:\/\/www.warondrugs.at\/index.php?rest_route=\/wp\/v2\/users\/1"}],"replies":[{"embeddable":true,"href":"https:\/\/www.warondrugs.at\/index.php?rest_route=%2Fwp%2Fv2%2Fcomments&post=51"}],"version-history":[{"count":43,"href":"https:\/\/www.warondrugs.at\/index.php?rest_route=\/wp\/v2\/pages\/51\/revisions"}],"predecessor-version":[{"id":888,"href":"https:\/\/www.warondrugs.at\/index.php?rest_route=\/wp\/v2\/pages\/51\/revisions\/888"}],"wp:attachment":[{"href":"https:\/\/www.warondrugs.at\/index.php?rest_route=%2Fwp%2Fv2%2Fmedia&parent=51"}],"curies":[{"name":"wp","href":"https:\/\/api.w.org\/{rel}","templated":true}]}}