{"id":53,"date":"2023-10-26T15:19:46","date_gmt":"2023-10-26T13:19:46","guid":{"rendered":"http:\/\/warondrugs.bplaced.net\/?page_id=53"},"modified":"2024-09-04T09:45:54","modified_gmt":"2024-09-04T07:45:54","slug":"team-russian-mafia","status":"publish","type":"page","link":"https:\/\/www.warondrugs.at\/?page_id=53","title":{"rendered":"Team &#8211; Russische Mafia"},"content":{"rendered":"\n<div class=\"wp-block-media-text is-stacked-on-mobile\" style=\"grid-template-columns:31% auto\"><figure class=\"wp-block-media-text__media\"><img loading=\"lazy\" decoding=\"async\" width=\"692\" height=\"919\" src=\"https:\/\/www.warondrugs.at\/wp-content\/uploads\/2024\/02\/cc466ffd-90e5-4b28-9c26-d752bd18370d-e1707315681944.jpg\" alt=\"\" class=\"wp-image-621 size-full\" srcset=\"https:\/\/www.warondrugs.at\/wp-content\/uploads\/2024\/02\/cc466ffd-90e5-4b28-9c26-d752bd18370d-e1707315681944.jpg 692w, https:\/\/www.warondrugs.at\/wp-content\/uploads\/2024\/02\/cc466ffd-90e5-4b28-9c26-d752bd18370d-e1707315681944-226x300.jpg 226w\" sizes=\"auto, (max-width: 692px) 100vw, 692px\" \/><\/figure><div class=\"wp-block-media-text__content\">\n<h4 class=\"wp-block-heading has-vivid-red-color has-text-color\">Beschreibung<\/h4>\n\n\n\n<p>In den d\u00fcsteren Schatten der Stadt manifestiert sich die Furcht einfl\u00f6\u00dfende Macht der &#8222;Russischen Mafia&#8220;, unter der Leitung des unnachgiebigen Blyatimir. Dieser charismatische Kopf hat die Fraktion zu einer beherrschenden Kraft im organisierten Verbrechen gemacht, und sein unstillbarer Durst nach Macht wird von der gef\u00fcrchteten Spezialeinheit Tschetznaz verst\u00e4rkt.<\/p>\n\n\n\n<p>Blyatimir, ein Meister der T\u00e4uschung und der ruchlosen Taktik, schmiedet Allianzen mit skrupellosen Gesch\u00e4ftspartnern und erweitert konsequent seine kriminelle Dom\u00e4ne. Die Tschetznaz, Blyatimir&#8217;s elit\u00e4re Spezialeinheit, sind Tschetschenen, die f\u00fcr ihre brutale Effizienz und t\u00f6dlichen F\u00e4higkeiten bekannt sind. Ihre blo\u00dfe Anwesenheit verbreitet eine bedrohliche Atmosph\u00e4re, die das Ungl\u00fcck ihrer Gegner ank\u00fcndigt.<\/p>\n\n\n\n<p><\/p>\n<\/div><\/div>\n\n\n\n<p><\/p>\n\n\n\n<div class=\"wp-block-media-text has-media-on-the-right is-stacked-on-mobile\" style=\"grid-template-columns:auto 32%\"><div class=\"wp-block-media-text__content\">\n<p>Diese eingeschworene Truppe agiert im Verborgenen, f\u00fchrt schmutzige Arbeiten mit gnadenloser Pr\u00e4zision aus und verk\u00f6rpert die Schrecken, die die &#8222;Russische Mafia&#8220; in der Unterwelt verbreitet. Blyatimir&#8217;s Entschlossenheit und die erbarmungslose Taktik der Tschetznaz machen die &#8222;Russische Mafia&#8220; zu einer gef\u00e4hrlichen Kraft in &#8222;War on Drugs v2.0&#8220;.<\/p>\n\n\n\n<p>In dieser d\u00fcsteren Welt, wo die Linien zwischen Gut und B\u00f6se verschwimmen, steht die &#8222;Russische Mafia&#8220; bereit, alles zu riskieren, um ihre Macht zu konsolidieren. W\u00e4hrend &#8222;War on Drugs v2.0&#8220; weiter eskaliert, bleibt die Frage, ob Blyatimir und seine m\u00e4chtige Fraktion unaufhaltsam voranschreiten oder ob die Kr\u00e4fte der Gerechtigkeit ihrem bedrohlichen Schatten ein Ende setzen k\u00f6nnen.<\/p>\n<\/div><figure class=\"wp-block-media-text__media\"><img loading=\"lazy\" decoding=\"async\" width=\"761\" height=\"919\" src=\"https:\/\/www.warondrugs.at\/wp-content\/uploads\/2024\/08\/023519f9-67b2-47a5-8273-92949d7c7fe2-e1723127347710.jpeg\" alt=\"\" class=\"wp-image-928 size-full\" srcset=\"https:\/\/www.warondrugs.at\/wp-content\/uploads\/2024\/08\/023519f9-67b2-47a5-8273-92949d7c7fe2-e1723127347710.jpeg 761w, https:\/\/www.warondrugs.at\/wp-content\/uploads\/2024\/08\/023519f9-67b2-47a5-8273-92949d7c7fe2-e1723127347710-248x300.jpeg 248w\" sizes=\"auto, (max-width: 761px) 100vw, 761px\" \/><\/figure><\/div>\n\n\n\n<p><\/p>\n\n\n\n<h4 class=\"wp-block-heading has-vivid-red-color has-text-color\">Dresscode<\/h4>\n\n\n\n<p>Dresscode ist \u201cBLYAT\u201d<\/p>\n\n\n\n<figure class=\"wp-block-table\"><table class=\"has-fixed-layout\"><thead><tr><th>Kopfbedeckung<\/th><th>Oberk\u00f6rper<\/th><th>Beine<\/th><\/tr><\/thead><tbody><tr><td><\/td><td>Alles was protzig und\/oder \u201cklassisch\u201d russisch ist.<br><br>Kein Fleckerl Camo au\u00dfer auf PC\/Chestrig\/Range-\/Battle Belt.<\/td><td>Alles was protzig und\/oder \u201cklassisch\u201d russisch ist.<\/td><\/tr><\/tbody><\/table><\/figure>\n\n\n\n<p><strong> ACHTUNG:<\/strong> Kein &#8222;Rote-Armee&#8220;-Reenactment! Einzelne Akzente wie Hauberl oder Gear sind ok. Keine Vollmontur!<\/p>\n\n\n\n<p>Verboten sind Wagner-Patches, Z-Aufn\u00e4her oder russische Hoheitszeichen.&nbsp;Wer mit dem Outfit offensichtlich Verbindung zu den Streitkr\u00e4ften der russischen F\u00f6deration herstellen will, wird ersucht, sein Outfit anzupassen und genannte Devotionalien abzulegen. Provokateure werden bei Nichtbefolgung klarer Weise nicht zum Spiel zugelassen. Bei Ausschluss vom Event werden keine Kosten r\u00fcckerstattet!<\/p>\n\n\n\n<h4 class=\"wp-block-heading has-vivid-red-color has-text-color\">Ausr\u00fcstung<\/h4>\n\n\n\n<p>Bei der Bewaffnung ist davon abzusehen sich f\u00fcr alles mit Nato\/.223 Rem oder .300 BLK (nach ReVo) zu entscheiden. Bei den Sidearms ist alles zul\u00e4ssig. <strong>Ausnahme:<\/strong> HiCapa\/1911 Modelle<\/p>\n","protected":false},"excerpt":{"rendered":"<p>Beschreibung In den d\u00fcsteren Schatten der Stadt manifestiert sich die Furcht einfl\u00f6\u00dfende Macht der &#8222;Russischen Mafia&#8220;, unter der Leitung des unnachgiebigen Blyatimir. Dieser charismatische Kopf hat die Fraktion zu einer [&hellip;]<\/p>\n","protected":false},"author":1,"featured_media":0,"parent":0,"menu_order":0,"comment_status":"closed","ping_status":"closed","template":"","meta":{"footnotes":""},"class_list":["post-53","page","type-page","status-publish","hentry"],"_links":{"self":[{"href":"https:\/\/www.warondrugs.at\/index.php?rest_route=\/wp\/v2\/pages\/53","targetHints":{"allow":["GET"]}}],"collection":[{"href":"https:\/\/www.warondrugs.at\/index.php?rest_route=\/wp\/v2\/pages"}],"about":[{"href":"https:\/\/www.warondrugs.at\/index.php?rest_route=\/wp\/v2\/types\/page"}],"author":[{"embeddable":true,"href":"https:\/\/www.warondrugs.at\/index.php?rest_route=\/wp\/v2\/users\/1"}],"replies":[{"embeddable":true,"href":"https:\/\/www.warondrugs.at\/index.php?rest_route=%2Fwp%2Fv2%2Fcomments&post=53"}],"version-history":[{"count":31,"href":"https:\/\/www.warondrugs.at\/index.php?rest_route=\/wp\/v2\/pages\/53\/revisions"}],"predecessor-version":[{"id":1014,"href":"https:\/\/www.warondrugs.at\/index.php?rest_route=\/wp\/v2\/pages\/53\/revisions\/1014"}],"wp:attachment":[{"href":"https:\/\/www.warondrugs.at\/index.php?rest_route=%2Fwp%2Fv2%2Fmedia&parent=53"}],"curies":[{"name":"wp","href":"https:\/\/api.w.org\/{rel}","templated":true}]}}