{"id":56,"date":"2023-10-26T15:20:26","date_gmt":"2023-10-26T13:20:26","guid":{"rendered":"http:\/\/warondrugs.bplaced.net\/?page_id=56"},"modified":"2024-08-26T10:50:45","modified_gmt":"2024-08-26T08:50:45","slug":"team-leo-law-enforcement-officers","status":"publish","type":"page","link":"https:\/\/www.warondrugs.at\/?page_id=56","title":{"rendered":"Team &#8211; LEO"},"content":{"rendered":"\n<div class=\"wp-block-media-text is-stacked-on-mobile\" style=\"grid-template-columns:23% auto\"><figure class=\"wp-block-media-text__media\"><img loading=\"lazy\" decoding=\"async\" width=\"638\" height=\"930\" src=\"https:\/\/www.warondrugs.at\/wp-content\/uploads\/2024\/02\/c76f9cbf-ada1-45fb-a095-cfc2f6dfa2f4-e1707315606981.jpg\" alt=\"\" class=\"wp-image-619 size-full\" srcset=\"https:\/\/www.warondrugs.at\/wp-content\/uploads\/2024\/02\/c76f9cbf-ada1-45fb-a095-cfc2f6dfa2f4-e1707315606981.jpg 638w, https:\/\/www.warondrugs.at\/wp-content\/uploads\/2024\/02\/c76f9cbf-ada1-45fb-a095-cfc2f6dfa2f4-e1707315606981-206x300.jpg 206w\" sizes=\"auto, (max-width: 638px) 100vw, 638px\" \/><\/figure><div class=\"wp-block-media-text__content\">\n<h4 class=\"wp-block-heading has-vivid-red-color has-text-color has-link-color wp-elements-b151811c99bdad77f6d0cd271c9f1540\">Beschreibung<\/h4>\n\n\n\n<p>LEO &#8211; Law Enforcement Officer<\/p>\n\n\n\n<p>In den neonbeleuchteten Stra\u00dfen der Stadt erhebt sich die ehrw\u00fcrdige Fraktion der &#8222;Law Enforcement Officers&#8220; wie ein Bollwerk gegen die kriminelle Unterwelt. Ihr Werdegang, gepr\u00e4gt von Opfern, Heldentaten und der schmerzlichen Erinnerung an den tragischen Mord an Polizeipr\u00e4sident MC Hammergeil, wird von einer starken F\u00fchrungspers\u00f6nlichkeit gelenkt.<\/p>\n<\/div><\/div>\n\n\n\n<p><\/p>\n\n\n\n<p>Der Weg in die F\u00fchrungsebene der Law Enforcement Officers begann mit dem schockierenden Verlust ihres Vorg\u00e4ngers, MC Hammergeil. Als erfahrener Ermittler und Vertrauter des verstorbenen Polizeipr\u00e4sidenten \u00fcbernimmt der neue Anf\u00fchrer die Verantwortung in einer Zeit der Unsicherheit und inneren Aufruhr. Der eiserne Wille, die Vision von Recht und Ordnung aufrechtzuerhalten, treibt dazu, das Erbe von MC Hammergeil mit Entschlossenheit und Integrit\u00e4t fortzusetzen.<\/p>\n\n\n\n<p>Mit einem Team von engagierten und hochqualifizierten Offizieren setzt man alles daran, das Kartell und andere kriminelle Organisationen zu zerschlagen.<\/p>\n\n\n\n<p>Die Entscheidungen sind nicht immer einfach, und der Druck von innen und au\u00dfen lastet schwer auf ihren Schultern. Doch als Anf\u00fchrer bleibt man standhaft im Glauben an Gerechtigkeit und den Kampf gegen die M\u00e4chte der Korruption. Inmitten der Gefahr und Intrigen des &#8222;War on Drugs v2.0&#8220; steht die Law Enforcement Officers-Fraktion uals letzte Verteidigungslinie f\u00fcr die Prinzipien von Recht und Ordnung. Die Welt blickt gespannt auf die Entwicklung dieses epischen Kampfes, der \u00fcber das Schicksal der Stadt entscheiden wird.<\/p>\n\n\n\n<p><\/p>\n\n\n\n<h4 class=\"wp-block-heading has-vivid-red-color has-text-color\">Kleidungsvorschriften<\/h4>\n\n\n\n<figure class=\"wp-block-table\"><table class=\"has-fixed-layout\"><thead><tr><th>Einheiten<\/th><th>Kopfbedeckung<\/th><th>Oberk\u00f6rper<\/th><th>Beine<\/th><\/tr><\/thead><tbody><tr><td>Regul\u00e4rer LEO<\/td><td>Helme oder Kappen vorgegeben<\/td><td>Plattentr\u00e4ger &#8211; keine Chest Rigs<br>Multicamo<\/td><td>Multicamo<\/td><\/tr><tr><td>FBI &#8211; Einsatzgewand<\/td><td>Helm in schwarz, OD Green oder Multicamo<\/td><td>Uniform in Olive, Ranger Green, OD Green<br>Plattentr\u00e4ger in schwarz, Olive oder Multicamo<\/td><td>OIive\/Ranger Green\/OD Green<\/td><\/tr><tr><td>FBI &#8211; Sonderermittler<\/td><td>Cap in Navy Blue oder schwarz<\/td><td>schwarzer Plattentr\u00e4ger ohne Pouches, blaue Jacke<\/td><td>Jeans oder feinere Hose<\/td><\/tr><\/tbody><\/table><\/figure>\n\n\n\n<p>Es ist zu beachten, dass Oberk\u00f6rperbekleidung zur Beinbekleidung passen muss!<\/p>\n\n\n\n<h4 class=\"wp-block-heading has-vivid-red-color has-text-color\">Ausr\u00fcstung<\/h4>\n\n\n\n<p>Alles gestattet, das taktisch und &#8222;tacticool&#8220; aussieht. Anbauteile wie Laser, Optiken, Taschenlampen etc sind gerne gesehen.<\/p>\n\n\n\n<p>Einheiten des FBI setzen vorrangig auf AR15 Modelle. HK416\/17 ebenfalls gestattet. Von AK, auch wenn diese &#8222;tacticool&#8220; sind, ist Abstand zu nehmen!<\/p>\n\n\n\n<h4 class=\"wp-block-heading has-vivid-red-color has-text-color has-link-color wp-elements-2fadcf957d691dbd2848e337626215df\">Kommunikation<\/h4>\n\n\n\n<p>Allen LEOs in leitenden Rollen wird die Verwendung von Dual-Comm-Systemen empfohlen. Mindestanforderung: 2 programmierbare Funkger\u00e4te. Jeder LEO bekommt vor dem Event eine Liste der notwendigen Frequenzen\/Kan\u00e4le zugeschickt.<\/p>\n","protected":false},"excerpt":{"rendered":"<p>Beschreibung LEO &#8211; Law Enforcement Officer In den neonbeleuchteten Stra\u00dfen der Stadt erhebt sich die ehrw\u00fcrdige Fraktion der &#8222;Law Enforcement Officers&#8220; wie ein Bollwerk gegen die kriminelle Unterwelt. Ihr Werdegang, [&hellip;]<\/p>\n","protected":false},"author":1,"featured_media":0,"parent":0,"menu_order":0,"comment_status":"closed","ping_status":"closed","template":"","meta":{"footnotes":""},"class_list":["post-56","page","type-page","status-publish","hentry"],"_links":{"self":[{"href":"https:\/\/www.warondrugs.at\/index.php?rest_route=\/wp\/v2\/pages\/56","targetHints":{"allow":["GET"]}}],"collection":[{"href":"https:\/\/www.warondrugs.at\/index.php?rest_route=\/wp\/v2\/pages"}],"about":[{"href":"https:\/\/www.warondrugs.at\/index.php?rest_route=\/wp\/v2\/types\/page"}],"author":[{"embeddable":true,"href":"https:\/\/www.warondrugs.at\/index.php?rest_route=\/wp\/v2\/users\/1"}],"replies":[{"embeddable":true,"href":"https:\/\/www.warondrugs.at\/index.php?rest_route=%2Fwp%2Fv2%2Fcomments&post=56"}],"version-history":[{"count":26,"href":"https:\/\/www.warondrugs.at\/index.php?rest_route=\/wp\/v2\/pages\/56\/revisions"}],"predecessor-version":[{"id":943,"href":"https:\/\/www.warondrugs.at\/index.php?rest_route=\/wp\/v2\/pages\/56\/revisions\/943"}],"wp:attachment":[{"href":"https:\/\/www.warondrugs.at\/index.php?rest_route=%2Fwp%2Fv2%2Fmedia&parent=56"}],"curies":[{"name":"wp","href":"https:\/\/api.w.org\/{rel}","templated":true}]}}