{"id":909,"date":"2024-08-04T15:44:40","date_gmt":"2024-08-04T13:44:40","guid":{"rendered":"https:\/\/www.warondrugs.at\/?page_id=909"},"modified":"2024-08-05T08:07:31","modified_gmt":"2024-08-05T06:07:31","slug":"impressum","status":"publish","type":"page","link":"https:\/\/www.warondrugs.at\/?page_id=909","title":{"rendered":"Impressum"},"content":{"rendered":"\n<p>Informationspflicht laut \u00a75 E-Commerce Gesetz und Offenlegungspflicht laut \u00a725 Mediengesetz<\/p>\n\n\n\n<p>Daniel B\u00f6ck<br>Wilhelminenstrasse 19\/13-14<br>1160 Wien<br>\u00d6sterreich<\/p>\n\n\n\n<p>E-Mail:\u00a0warondrugsevent@gmail.com<\/p>\n\n\n\n<p><\/p>\n\n\n\n<h2 class=\"wp-block-heading\">Erlaubnis f\u00fcr unaufgeforderte Zusendungen<\/h2>\n\n\n\n<p>Sie haben die tempor\u00e4re Erlaubnis uns unaufgeforderte Zusendung in Form von Werbung Ihrer Produkte, Kooperationsanfragen oder Partnerschaftsanfragen zuzusenden. Daf\u00fcr wurde ein eigenes E-Mail Postfach eingerichtet, welches Sie unter warondrugsevent@gmail.com erreichen k\u00f6nnen. Mit diesem Postfach ist eine tempor\u00e4re Einwilligung des Empf\u00e4ngers zur Zusendung von Informationsmaterial bis auf Widerruf gestattet. Ein etwaiger Widerruf hat zur Folge, dass keine weiteren Zusendungen oder Kontaktaufnahmen ab dem Zeitpunkt der Bekanntgabe erfolgen d\u00fcrfen.<\/p>\n\n\n\n<h2 class=\"wp-block-heading\">Copyright &amp; Urheberrechtshinweis<\/h2>\n\n\n\n<p>Alle Inhalte dieser Webpr\u00e4senz, insbesondere Texte, Fotografien und Grafiken, sind urheberrechtlich gesch\u00fctzt und teilweise lizensiert. Das Urheberrecht liegt, soweit nicht ausdr\u00fccklich anders gekennzeichnet, bei der im Impressum angef\u00fchrten nat\u00fcrlichen bzw. juristischen Person. Bitte fragen Sie uns, falls Sie die Inhalte dieses Internetangebotes in irgendeiner Art und Weise verwenden m\u00f6chten.<\/p>\n\n\n\n<p>Unter der \u201eCreative Commons\u201c-Lizenz\u201c ver\u00f6ffentlichte Inhalte, sind als solche gekennzeichnet. Sie d\u00fcrfen entsprechend den angegebenen Lizenzbedingungen verwendet werden.<\/p>\n\n\n\n<p>Wer gegen das Urheberrecht verst\u00f6\u00dft (z.B. Bilder oder Texte unerlaubt kopiert), macht sich unter Umst\u00e4nden gem. UrhG strafbar.<\/p>\n\n\n\n<h2 class=\"wp-block-heading\">Haftungsausschluss f\u00fcr ausgehende Links<\/h2>\n\n\n\n<p>Diese Webpr\u00e4senz enth\u00e4lt, so wie viele andere Webseiten ebenfalls, so genannte Links auf andere, fremde Webpr\u00e4senzen und Inhalte. Das wird als Urgedanke des Internets und des weltweiten Informationsaustauschs als gang und g\u00e4be angesehen. Rechtlich und technisch gesehen haben wir als Betreiber unserer Webseite keinen Einfluss auf die Gestaltung sowie den Inhalt der verlinkten Webpr\u00e4senzen. Aus diesem Grund k\u00f6nnen wir zu keinem Zeitpunkt f\u00fcr diese Webpr\u00e4senzen in irgendeiner Art und Weise Haftung oder Gew\u00e4hr \u00fcbernehmen, da diese im Verantwortungsbereich des jeweiligen Betreibers angesiedelt ist.<\/p>\n\n\n\n<p>Zum Zeitpunkt der Verlinkung wurden die fremden Inhalte auf Funktionalit\u00e4t, rechtswidrige Inhalte sowie uns m\u00f6glich auf Schadsoftware \u00fcberpr\u00fcft. Als Indiz finden Sie bei einigen Links einen Datumsstempel der auf den Zeitpunkt der gesetzten Verlinkung hinweist. Nichts desto trotz sind wir bem\u00fcht unsere Besucher vor rechtswidrigen Inhalten und Schadsoftware zu sch\u00fctzen weshalb wir stichprobenartig die gesetzten Links in wiederkehrenden Intervallen untersuchen. Bei etwaigen Rechtsverletzungen werden die gesetzten Links selbstverst\u00e4ndlich umgehend entfernt.<\/p>\n\n\n\n<p>Sollten Sie einen derartigen Link vor unserer \u00dcberpr\u00fcfung gefunden haben, so bitten wir um umgehende Benachrichtigung an die im Impressum angezeigten Kontaktdaten. Bitte \u00fcbermitteln Sie uns dabei den Link unserer Webseite die den fragw\u00fcrdigen Verweis enth\u00e4lt, sowie die Art der Kennzeichnung (a) rechtwidriger Inhalt, b) Schadsoftware oder c) inaktiver Inhalt bzw. Verweis).<\/p>\n\n\n\n<h2 class=\"wp-block-heading\">Ihre Rechte<\/h2>\n\n\n\n<p>Ihnen stehen bez\u00fcglich Ihrer bei uns gespeicherten Daten grunds\u00e4tzlich die Rechte auf Auskunft, Berichtigung, L\u00f6schung, Einschr\u00e4nkung, Daten\u00fcbertragbarkeit, Widerruf und Widerspruch zu. Wenn Sie glauben, dass die Verarbeitung Ihrer Daten gegen das Datenschutzrecht verst\u00f6\u00dft oder Ihre datenschutzrechtlichen Anspr\u00fcche sonst in einer Weise verletzt worden sind, k\u00f6nnen Sie sich bei der oben genannten E-Mail-Adresse oder Ihrer Datenschutzbeh\u00f6rde beschweren.<\/p>\n","protected":false},"excerpt":{"rendered":"<p>Informationspflicht laut \u00a75 E-Commerce Gesetz und Offenlegungspflicht laut \u00a725 Mediengesetz Daniel B\u00f6ckWilhelminenstrasse 19\/13-141160 Wien\u00d6sterreich E-Mail:\u00a0warondrugsevent@gmail.com Erlaubnis f\u00fcr unaufgeforderte Zusendungen Sie haben die tempor\u00e4re Erlaubnis uns unaufgeforderte Zusendung in Form von [&hellip;]<\/p>\n","protected":false},"author":1,"featured_media":0,"parent":0,"menu_order":0,"comment_status":"closed","ping_status":"closed","template":"","meta":{"footnotes":""},"class_list":["post-909","page","type-page","status-publish","hentry"],"_links":{"self":[{"href":"https:\/\/www.warondrugs.at\/index.php?rest_route=\/wp\/v2\/pages\/909","targetHints":{"allow":["GET"]}}],"collection":[{"href":"https:\/\/www.warondrugs.at\/index.php?rest_route=\/wp\/v2\/pages"}],"about":[{"href":"https:\/\/www.warondrugs.at\/index.php?rest_route=\/wp\/v2\/types\/page"}],"author":[{"embeddable":true,"href":"https:\/\/www.warondrugs.at\/index.php?rest_route=\/wp\/v2\/users\/1"}],"replies":[{"embeddable":true,"href":"https:\/\/www.warondrugs.at\/index.php?rest_route=%2Fwp%2Fv2%2Fcomments&post=909"}],"version-history":[{"count":3,"href":"https:\/\/www.warondrugs.at\/index.php?rest_route=\/wp\/v2\/pages\/909\/revisions"}],"predecessor-version":[{"id":913,"href":"https:\/\/www.warondrugs.at\/index.php?rest_route=\/wp\/v2\/pages\/909\/revisions\/913"}],"wp:attachment":[{"href":"https:\/\/www.warondrugs.at\/index.php?rest_route=%2Fwp%2Fv2%2Fmedia&parent=909"}],"curies":[{"name":"wp","href":"https:\/\/api.w.org\/{rel}","templated":true}]}}