{"id":914,"date":"2024-08-05T08:32:24","date_gmt":"2024-08-05T06:32:24","guid":{"rendered":"https:\/\/www.warondrugs.at\/?page_id=914"},"modified":"2024-09-04T09:50:49","modified_gmt":"2024-09-04T07:50:49","slug":"das-team","status":"publish","type":"page","link":"https:\/\/www.warondrugs.at\/?page_id=914","title":{"rendered":"Das Team"},"content":{"rendered":"\n<p>Unser Event &#8218;War on Drugs&#8216; ist mehr als nur eine MilSim mit LARP-Elementen \u2013 es ist ein einzigartiges Erlebnis, das durch die Leidenschaft und das Engagement unseres Teams zum Leben erweckt wird. Jedes Mitglied unseres Teams bringt eine besondere Expertise und einen unvergleichlichen Enthusiasmus mit, um sicherzustellen, dass unser Event ein unvergessliches Abenteuer f\u00fcr alle Teilnehmer wird. Hier stellen wir Ihnen die K\u00f6pfe hinter &#8218;War on Drugs&#8216; vor:<\/p>\n\n\n\n<p><strong>Queen Unicorn<\/strong> <\/p>\n\n\n\n<p>Queen Unicorn ist unsere Expertin f\u00fcr technische Elemente und leitet zudem die Fraktion LEO. Ihr technisches Know-how und ihre F\u00fchrungskompetenz gew\u00e4hrleisten, dass alle technischen Aspekte des Events reibungslos funktionieren und die Fraktion LEO stets bestens organisiert ist.<\/p>\n\n\n\n<p><strong>Blyatimir aka Perseus<\/strong><\/p>\n\n\n\n<p>Perseus ist unser Multimedia-Spezialist und leitet die Fraktion Blyatwa. Mit seiner Kreativit\u00e4t und seinem technischen Geschick sorgt er f\u00fcr fesselnde multimediale Inhalte und eine dynamische F\u00fchrung der Fraktion Blyatwa.<\/p>\n\n\n\n<p><strong>Spooner aka El Patr\u00f3n del Cuchar\u00f3n<\/strong><\/p>\n\n\n\n<p>Spooner plant und leitet die Fraktion &#8222;Das Kartell&#8220;. Mit seinem strategischen Denken und seiner Detailverliebtheit stellt er sicher, dass jede Mission spannend und herausfordernd ist.<\/p>\n\n\n\n<p><strong>Kobold<\/strong> <\/p>\n\n\n\n<p>Kobold hat zusammen mit Pattheundead die Planung der Fraktion &#8222;Yakuza&#8220; \u00fcbernommen. Seine organisatorischen F\u00e4higkeiten und seine Erfahrung im Bereich MilSim garantieren eine sorgf\u00e4ltige und effektive Planung.<\/p>\n\n\n\n<p><strong>Pattheundead<\/strong> <\/p>\n\n\n\n<p>Pattheundead teilt die Verantwortung f\u00fcr die Planung der Fraktion &#8222;Yakuza&#8220; mit Kobold. Seine Expertise im LARP-Bereich sorgt daf\u00fcr, dass die Fraktion Yakuza authentisch und immersiv dargestellt wird.<\/p>\n\n\n\n<p><strong>X-Ray-Actual aka Kikai No Kami<\/strong><\/p>\n\n\n\n<p>X-Ray-Actual leitet die Fraktion Yakuza und dient als LARP-Berater. Seine tiefgehende Kenntnis des Rollenspiels und seine F\u00fchrungserfahrung stellen sicher, dass die Yakuza-Fraktion sowohl realistisch als auch spannend inszeniert wird.<\/p>\n\n\n\n<p><strong>Papa<\/strong> <\/p>\n\n\n\n<p>Papa \u00fcbernimmt die direkte Leitung der Fraktion LEO. Mit seinem strategischen Weitblick und seiner F\u00fchrungserfahrung stellt er sicher, dass die LEO-Einheiten effizient und koordiniert operieren und stets ihre Missionsziele erreichen.<\/p>\n\n\n\n<p><strong>Don Julio<\/strong> <\/p>\n\n\n\n<p>Don Julio, unser Eventkoordinator, bringt alle Elemente zusammen. Seine F\u00e4higkeit, das gro\u00dfe Ganze zu \u00fcberblicken und gleichzeitig auf die kleinen Details zu achten, garantiert, dass &#8218;War on Drugs&#8216; ein reibungsloser und gut organisierter Event bleibt.<\/p>\n\n\n\n<p>Unser Team arbeitet mit Herz und Seele daran, Ihnen ein unvergleichliches MilSim- und LARP-Erlebnis zu bieten. Gemeinsam sorgen wir daf\u00fcr, dass &#8218;War on Drugs&#8216; nicht nur ein Event, sondern ein episches Abenteuer wird.<\/p>\n","protected":false},"excerpt":{"rendered":"<p>Unser Event &#8218;War on Drugs&#8216; ist mehr als nur eine MilSim mit LARP-Elementen \u2013 es ist ein einzigartiges Erlebnis, das durch die Leidenschaft und das Engagement unseres Teams zum Leben [&hellip;]<\/p>\n","protected":false},"author":1,"featured_media":0,"parent":0,"menu_order":0,"comment_status":"closed","ping_status":"closed","template":"","meta":{"footnotes":""},"class_list":["post-914","page","type-page","status-publish","hentry"],"_links":{"self":[{"href":"https:\/\/www.warondrugs.at\/index.php?rest_route=\/wp\/v2\/pages\/914","targetHints":{"allow":["GET"]}}],"collection":[{"href":"https:\/\/www.warondrugs.at\/index.php?rest_route=\/wp\/v2\/pages"}],"about":[{"href":"https:\/\/www.warondrugs.at\/index.php?rest_route=\/wp\/v2\/types\/page"}],"author":[{"embeddable":true,"href":"https:\/\/www.warondrugs.at\/index.php?rest_route=\/wp\/v2\/users\/1"}],"replies":[{"embeddable":true,"href":"https:\/\/www.warondrugs.at\/index.php?rest_route=%2Fwp%2Fv2%2Fcomments&post=914"}],"version-history":[{"count":4,"href":"https:\/\/www.warondrugs.at\/index.php?rest_route=\/wp\/v2\/pages\/914\/revisions"}],"predecessor-version":[{"id":1018,"href":"https:\/\/www.warondrugs.at\/index.php?rest_route=\/wp\/v2\/pages\/914\/revisions\/1018"}],"wp:attachment":[{"href":"https:\/\/www.warondrugs.at\/index.php?rest_route=%2Fwp%2Fv2%2Fmedia&parent=914"}],"curies":[{"name":"wp","href":"https:\/\/api.w.org\/{rel}","templated":true}]}}